{"id":6648,"date":"2024-10-15T07:34:47","date_gmt":"2024-10-15T07:34:47","guid":{"rendered":"https:\/\/gmcommon.org\/comin-cydweithredol\/"},"modified":"2024-10-15T07:38:59","modified_gmt":"2024-10-15T07:38:59","slug":"comin-cydweithredol","status":"publish","type":"page","link":"https:\/\/gmcommon.org\/cy\/comin-cydweithredol\/","title":{"rendered":"Comin Cydweithredol"},"content":{"rendered":"<p>[et_pb_section fb_built=&#8221;1&#8243; _builder_version=&#8221;4.16&#8243; background_color=&#8221;rgba(0,46,66,0.34)&#8221; background_image=&#8221;https:\/\/gmcommon.org\/wp-content\/uploads\/2020\/05\/20191204_110700-scaled.jpg&#8221; background_blend=&#8221;overlay&#8221; custom_padding=&#8221;||53px|||&#8221; global_colors_info=&#8221;{}&#8221;][et_pb_row column_structure=&#8221;1_2,1_2&#8243; _builder_version=&#8221;4.16&#8243; width=&#8221;100%&#8221; max_width=&#8221;75%&#8221; global_colors_info=&#8221;{}&#8221;][et_pb_column type=&#8221;1_2&#8243; _builder_version=&#8221;4.16&#8243; global_colors_info=&#8221;{}&#8221;][et_pb_text _builder_version=&#8221;4.27.2&#8243; text_font=&#8221;Open Sans|300|||||||&#8221; text_text_color=&#8221;#fdf3bd&#8221; text_font_size=&#8221;25px&#8221; header_font=&#8221;Abel|700||on|||||&#8221; header_text_align=&#8221;left&#8221; header_text_color=&#8221;#fffadb&#8221; header_font_size=&#8221;70px&#8221; header_letter_spacing=&#8221;1px&#8221; header_line_height=&#8221;1.5em&#8221; header_2_font=&#8221;Abel|700||on|||||&#8221; header_2_text_align=&#8221;left&#8221; header_2_text_color=&#8221;#fffadb&#8221; header_2_font_size=&#8221;70px&#8221; header_2_letter_spacing=&#8221;1px&#8221; header_2_line_height=&#8221;1.5em&#8221; header_3_font=&#8221;Abel|700||on|||||&#8221; header_3_text_align=&#8221;left&#8221; header_3_text_color=&#8221;#fffadb&#8221; header_3_font_size=&#8221;70px&#8221; header_3_letter_spacing=&#8221;1px&#8221; header_3_line_height=&#8221;1.5em&#8221; header_4_font=&#8221;Abel|700||on|||||&#8221; header_4_text_align=&#8221;left&#8221; header_4_text_color=&#8221;#fffadb&#8221; header_4_font_size=&#8221;70px&#8221; header_4_letter_spacing=&#8221;1px&#8221; header_4_line_height=&#8221;1.5em&#8221; header_5_font=&#8221;Abel|700||on|||||&#8221; header_5_text_align=&#8221;left&#8221; header_5_text_color=&#8221;#fffadb&#8221; header_5_font_size=&#8221;70px&#8221; header_5_letter_spacing=&#8221;1px&#8221; header_5_line_height=&#8221;1.5em&#8221; header_6_font=&#8221;Abel|700||on|||||&#8221; header_6_text_align=&#8221;left&#8221; header_6_text_color=&#8221;#fffadb&#8221; header_6_font_size=&#8221;70px&#8221; header_6_letter_spacing=&#8221;1px&#8221; header_6_line_height=&#8221;1.5em&#8221; hover_enabled=&#8221;0&#8243; header_font_size_tablet=&#8221;&#8221; header_font_size_phone=&#8221;55px&#8221; header_font_size_last_edited=&#8221;on|phone&#8221; header_2_font_size_tablet=&#8221;&#8221; header_2_font_size_phone=&#8221;55px&#8221; header_2_font_size_last_edited=&#8221;on|phone&#8221; header_3_font_size_tablet=&#8221;&#8221; header_3_font_size_phone=&#8221;55px&#8221; header_3_font_size_last_edited=&#8221;on|phone&#8221; header_4_font_size_tablet=&#8221;&#8221; header_4_font_size_phone=&#8221;55px&#8221; header_4_font_size_last_edited=&#8221;on|phone&#8221; header_5_font_size_tablet=&#8221;&#8221; header_5_font_size_phone=&#8221;55px&#8221; header_5_font_size_last_edited=&#8221;on|phone&#8221; header_6_font_size_tablet=&#8221;&#8221; header_6_font_size_phone=&#8221;55px&#8221; header_6_font_size_last_edited=&#8221;on|phone&#8221; text_text_align=&#8221;left&#8221; global_colors_info=&#8221;{}&#8221; sticky_enabled=&#8221;0&#8243;]<\/p>\n<h1>Comin Cydweithredol<\/h1>\n<p>[\/et_pb_text][\/et_pb_column][et_pb_column type=&#8221;1_2&#8243; _builder_version=&#8221;4.16&#8243; global_colors_info=&#8221;{}&#8221;][\/et_pb_column][\/et_pb_row][\/et_pb_section][et_pb_section fb_built=&#8221;1&#8243; _builder_version=&#8221;4.16&#8243; custom_padding=&#8221;||8px|||&#8221; global_colors_info=&#8221;{}&#8221;][et_pb_row _builder_version=&#8221;4.16&#8243; global_colors_info=&#8221;{}&#8221;][et_pb_column type=&#8221;4_4&#8243; _builder_version=&#8221;4.16&#8243; global_colors_info=&#8221;{}&#8221;][et_pb_blurb use_icon=&#8221;on&#8221; content_max_width=&#8221;80%&#8221; _builder_version=&#8221;4.27.2&#8243; body_text_align=&#8221;center&#8221; body_font_size=&#8221;25px&#8221; global_colors_info=&#8221;{}&#8221;]<\/p>\n<p>Roedd Comin Cydweithredol (Common Connection) yn brosiect graddfa tirwedd dwy flynedd a oedd yn canolbwyntio ar dri maes gwaith allweddol:<\/p>\n<p>[\/et_pb_blurb][\/et_pb_column][\/et_pb_row][et_pb_row column_structure=&#8221;1_2,1_2&#8243; _builder_version=&#8221;4.16&#8243; width=&#8221;100%&#8221; max_width=&#8221;75%&#8221; locked=&#8221;off&#8221; global_colors_info=&#8221;{}&#8221;][et_pb_column type=&#8221;1_2&#8243; _builder_version=&#8221;4.16&#8243; custom_css_main_element=&#8221;display:flex;||align-items:center;&#8221; global_colors_info=&#8221;{}&#8221;][et_pb_text _builder_version=&#8221;4.27.2&#8243; text_font_size=&#8221;19px&#8221; header_font_size=&#8221;40px&#8221; header_2_font=&#8221;|600|||||||&#8221; header_2_font_size=&#8221;34px&#8221; header_2_line_height=&#8221;1.4em&#8221; custom_padding=&#8221;||||false|false&#8221; custom_padding_tablet=&#8221;&#8221; custom_padding_phone=&#8221;&#8221; custom_padding_last_edited=&#8221;on|desktop&#8221; global_colors_info=&#8221;{}&#8221;]<\/p>\n<ul>\n<li>Mynd i&#8217;r afael \u00e2 throsedd tirwedd<\/li>\n<li>Ymgysylltu \u00e2&#8217;r Cyhoedd<\/li>\n<li>Adfer a Chreu Cynefinoedd<\/li>\n<\/ul>\n<p>Roedd ymgysylltu \u00e2&#8217;r gymuned ac ysgolion yn elfen allweddol o&#8217;r prosiect, gyda chyfleoedd i aelodau&#8217;r cyhoedd ac ysgolion lleol yn cael eu darparu i gymryd r\u00f4l ragweithiol wrth gynnal a chadw&#8217;r comin.<\/p>\n<p>Cynhaliwyd sesiynau gwirfoddol rheolaidd, ac anogwyd ysgolion lleol i archwilio a dysgu am y comin, ei hanes a&#8217;i bwysigrwydd i&#8217;r ardal leol.<\/p>\n<p>Gweithiodd y prosiect yn agos gyda phartneriaid lleol a chenedlaethol ac mae&#8217;n ddyledus iddynt am y gefnogaeth a ddarparwyd ganddynt. Gellir lawrlwytho adroddiad gwerthuso diwedd y prosiect yma.<\/p>\n<p>[\/et_pb_text][\/et_pb_column][et_pb_column type=&#8221;1_2&#8243; _builder_version=&#8221;4.16&#8243; global_colors_info=&#8221;{}&#8221;][et_pb_image src=&#8221;https:\/\/gmcommon.org\/wp-content\/uploads\/2020\/05\/IMAG1572-scaled.jpg&#8221; alt=&#8221;Common Land &#8211; Gelligaer and Merthyr Common&#8221; title_text=&#8221;IMAG1572&#8243; _builder_version=&#8221;4.16&#8243; global_colors_info=&#8221;{}&#8221;][\/et_pb_image][\/et_pb_column][\/et_pb_row][et_pb_row _builder_version=&#8221;4.16&#8243; global_colors_info=&#8221;{}&#8221;][et_pb_column type=&#8221;4_4&#8243; _builder_version=&#8221;4.16&#8243; global_colors_info=&#8221;{}&#8221;]<\/p>\n<p>[et_pb_divider color=&#8221;#002e42&#8243; divider_weight=&#8221;3px&#8221; _builder_version=&#8221;4.16&#8243; width=&#8221;75%&#8221; max_width=&#8221;100%&#8221; module_alignment=&#8221;center&#8221; global_colors_info=&#8221;{}&#8221;][\/et_pb_divider]<\/p>\n<p>[\/et_pb_column][\/et_pb_row][et_pb_row column_structure=&#8221;1_2,1_2&#8243; _builder_version=&#8221;4.16&#8243; width=&#8221;100%&#8221; max_width=&#8221;75%&#8221; custom_css_main_element=&#8221;  display: -webkit-box;||  display: -moz-box;||  display: -ms-flexbox;||  display: -webkit-flex;||  display: flex;||-webkit-flex-wrap: wrap; \/* Safari 6.1+ *\/||flex-wrap: wrap;&#8221; locked=&#8221;off&#8221; global_colors_info=&#8221;{}&#8221;][et_pb_column type=&#8221;1_2&#8243; _builder_version=&#8221;4.16&#8243; global_colors_info=&#8221;{}&#8221; custom_css_main_element_last_edited=&#8221;on|phone&#8221; custom_css_main_element_tablet=&#8221;-webkit-order: 2;||order: 2;&#8221; custom_css_main_element_phone=&#8221;-webkit-order: 2;||order: 2;&#8221;][et_pb_image src=&#8221;https:\/\/gmcommon.org\/wp-content\/uploads\/2020\/05\/IMAG1084-scaled.jpg&#8221; alt=&#8221;Common Land &#8211; Gelligaer and Merthyr Common&#8221; title_text=&#8221;IMAG1084&#8243; _builder_version=&#8221;4.16&#8243; global_colors_info=&#8221;{}&#8221;][\/et_pb_image][\/et_pb_column][et_pb_column type=&#8221;1_2&#8243; _builder_version=&#8221;4.16&#8243; custom_css_main_element=&#8221;display:flex;||align-items:center;&#8221; global_colors_info=&#8221;{}&#8221; custom_css_main_element_last_edited=&#8221;on|phone&#8221; custom_css_main_element_phone=&#8221;-webkit-order: 1;||order: 1;&#8221; custom_css_main_element_tablet=&#8221;-webkit-order: 1;||order: 1;&#8221;][et_pb_text _builder_version=&#8221;4.27.2&#8243; text_font_size=&#8221;19px&#8221; header_font_size=&#8221;40px&#8221; header_2_font=&#8221;|600|||||||&#8221; header_2_font_size=&#8221;34px&#8221; header_2_line_height=&#8221;1.4em&#8221; custom_padding=&#8221;||||false|false&#8221; custom_padding_tablet=&#8221;&#8221; custom_padding_phone=&#8221;&#8221; custom_padding_last_edited=&#8221;on|desktop&#8221; global_colors_info=&#8221;{}&#8221;]<\/p>\n<p>Derbyniodd prosiect Comin Cydweithredol grant gan Gronfa Amaethyddol Ewrop ar gyfer Datblygu Gwledig (EAFRD) ar gyfer ei brosiect Cynllun Rheoli Cynaliadwy a ariennir drwy Gymunedau Gwledig Llywodraeth Cymru \u2013 Rhaglen Datblygu Gwledig 2014-2020, a ariennir gan Gronfa Amaethyddol Ewrop ar gyfer Datblygu Gwledig a Llywodraeth Cymru.<\/p>\n<p>[\/et_pb_text][\/et_pb_column][\/et_pb_row][\/et_pb_section][et_pb_section fb_built=&#8221;1&#8243; _builder_version=&#8221;4.16&#8243; _module_preset=&#8221;default&#8221; global_colors_info=&#8221;{}&#8221;][et_pb_row _builder_version=&#8221;4.16&#8243; _module_preset=&#8221;default&#8221; global_colors_info=&#8221;{}&#8221;][et_pb_column type=&#8221;4_4&#8243; _builder_version=&#8221;4.16&#8243; _module_preset=&#8221;default&#8221; global_colors_info=&#8221;{}&#8221;][et_pb_image src=&#8221;https:\/\/gmcommon.org\/wp-content\/uploads\/2020\/06\/EU-Funding-Logo.jpg&#8221; alt=&#8221;EU Funders Logo&#8221; title_text=&#8221;EU-Funding-Logo&#8221; align=&#8221;center&#8221; _builder_version=&#8221;4.27.2&#8243; _module_preset=&#8221;default&#8221; global_colors_info=&#8221;{}&#8221;][\/et_pb_image][\/et_pb_column][\/et_pb_row][\/et_pb_section]<\/p>\n","protected":false},"excerpt":{"rendered":"<p>Comin CydweithredolRoedd Comin Cydweithredol (Common Connection) yn brosiect graddfa tirwedd dwy flynedd a oedd yn canolbwyntio ar dri maes gwaith allweddol: Mynd i&#8217;r afael \u00e2 throsedd tirwedd Ymgysylltu \u00e2&#8217;r Cyhoedd Adfer a Chreu Cynefinoedd Roedd ymgysylltu \u00e2&#8217;r gymuned ac ysgolion yn elfen allweddol o&#8217;r prosiect, gyda chyfleoedd i aelodau&#8217;r cyhoedd ac ysgolion lleol yn cael [&hellip;]<\/p>\n","protected":false},"author":1,"featured_media":0,"parent":0,"menu_order":0,"comment_status":"closed","ping_status":"closed","template":"","meta":{"_acf_changed":false,"_et_pb_use_builder":"on","_et_pb_old_content":"","_et_gb_content_width":"","footnotes":""},"class_list":["post-6648","page","type-page","status-publish","hentry"],"acf":[],"yoast_head":"<!-- This site is optimized with the Yoast SEO plugin v27.5 - https:\/\/yoast.com\/product\/yoast-seo-wordpress\/ -->\n<title>Comin Cydweithredol &#8211; Gelligaer and Merthyr Common<\/title>\n<meta name=\"robots\" content=\"index, follow, max-snippet:-1, max-image-preview:large, max-video-preview:-1\" \/>\n<link rel=\"canonical\" href=\"https:\/\/gmcommon.org\/cy\/comin-cydweithredol\/\" \/>\n<meta property=\"og:locale\" content=\"cy_GB\" \/>\n<meta property=\"og:type\" content=\"article\" \/>\n<meta property=\"og:title\" content=\"Comin Cydweithredol &#8211; Gelligaer and Merthyr Common\" \/>\n<meta property=\"og:description\" content=\"Comin CydweithredolRoedd Comin Cydweithredol (Common Connection) yn brosiect graddfa tirwedd dwy flynedd a oedd yn canolbwyntio ar dri maes gwaith allweddol: Mynd i&#039;r afael \u00e2 throsedd tirwedd Ymgysylltu \u00e2&#039;r Cyhoedd Adfer a Chreu Cynefinoedd Roedd ymgysylltu \u00e2&#039;r gymuned ac ysgolion yn elfen allweddol o&#039;r prosiect, gyda chyfleoedd i aelodau&#039;r cyhoedd ac ysgolion lleol yn cael [&hellip;]\" \/>\n<meta property=\"og:url\" content=\"https:\/\/gmcommon.org\/cy\/comin-cydweithredol\/\" \/>\n<meta property=\"og:site_name\" content=\"Gelligaer and Merthyr Common\" \/>\n<meta property=\"article:modified_time\" content=\"2024-10-15T07:38:59+00:00\" \/>\n<meta property=\"og:image\" content=\"https:\/\/gmcommon.org\/wp-content\/uploads\/2020\/04\/GMCommonComingSoon-Logo2.png\" \/>\n\t<meta property=\"og:image:width\" content=\"500\" \/>\n\t<meta property=\"og:image:height\" content=\"250\" \/>\n\t<meta property=\"og:image:type\" content=\"image\/png\" \/>\n<meta name=\"twitter:card\" content=\"summary_large_image\" \/>\n<meta name=\"twitter:label1\" content=\"Est. reading time\" \/>\n\t<meta name=\"twitter:data1\" content=\"5 minutes\" \/>\n<script type=\"application\/ld+json\" class=\"yoast-schema-graph\">{\"@context\":\"https:\\\/\\\/schema.org\",\"@graph\":[{\"@type\":\"WebPage\",\"@id\":\"https:\\\/\\\/gmcommon.org\\\/cy\\\/comin-cydweithredol\\\/\",\"url\":\"https:\\\/\\\/gmcommon.org\\\/cy\\\/comin-cydweithredol\\\/\",\"name\":\"Comin Cydweithredol &#8211; Gelligaer and Merthyr Common\",\"isPartOf\":{\"@id\":\"https:\\\/\\\/gmcommon.org\\\/cy\\\/#website\"},\"datePublished\":\"2024-10-15T07:34:47+00:00\",\"dateModified\":\"2024-10-15T07:38:59+00:00\",\"breadcrumb\":{\"@id\":\"https:\\\/\\\/gmcommon.org\\\/cy\\\/comin-cydweithredol\\\/#breadcrumb\"},\"inLanguage\":\"cy-GB\",\"potentialAction\":[{\"@type\":\"ReadAction\",\"target\":[\"https:\\\/\\\/gmcommon.org\\\/cy\\\/comin-cydweithredol\\\/\"]}]},{\"@type\":\"BreadcrumbList\",\"@id\":\"https:\\\/\\\/gmcommon.org\\\/cy\\\/comin-cydweithredol\\\/#breadcrumb\",\"itemListElement\":[{\"@type\":\"ListItem\",\"position\":1,\"name\":\"Home\",\"item\":\"https:\\\/\\\/gmcommon.org\\\/cy\\\/\"},{\"@type\":\"ListItem\",\"position\":2,\"name\":\"Comin Cydweithredol\"}]},{\"@type\":\"WebSite\",\"@id\":\"https:\\\/\\\/gmcommon.org\\\/cy\\\/#website\",\"url\":\"https:\\\/\\\/gmcommon.org\\\/cy\\\/\",\"name\":\"Gelligaer and Merthyr Common\",\"description\":\"\",\"publisher\":{\"@id\":\"https:\\\/\\\/gmcommon.org\\\/cy\\\/#organization\"},\"potentialAction\":[{\"@type\":\"SearchAction\",\"target\":{\"@type\":\"EntryPoint\",\"urlTemplate\":\"https:\\\/\\\/gmcommon.org\\\/cy\\\/?s={search_term_string}\"},\"query-input\":{\"@type\":\"PropertyValueSpecification\",\"valueRequired\":true,\"valueName\":\"search_term_string\"}}],\"inLanguage\":\"cy-GB\"},{\"@type\":\"Organization\",\"@id\":\"https:\\\/\\\/gmcommon.org\\\/cy\\\/#organization\",\"name\":\"Gelligaer and Merthyr Common\",\"url\":\"https:\\\/\\\/gmcommon.org\\\/cy\\\/\",\"logo\":{\"@type\":\"ImageObject\",\"inLanguage\":\"cy-GB\",\"@id\":\"https:\\\/\\\/gmcommon.org\\\/cy\\\/#\\\/schema\\\/logo\\\/image\\\/\",\"url\":\"https:\\\/\\\/gmcommon.org\\\/wp-content\\\/uploads\\\/2020\\\/04\\\/GMCommonComingSoon-Logo2.png\",\"contentUrl\":\"https:\\\/\\\/gmcommon.org\\\/wp-content\\\/uploads\\\/2020\\\/04\\\/GMCommonComingSoon-Logo2.png\",\"width\":500,\"height\":250,\"caption\":\"Gelligaer and Merthyr Common\"},\"image\":{\"@id\":\"https:\\\/\\\/gmcommon.org\\\/cy\\\/#\\\/schema\\\/logo\\\/image\\\/\"}}]}<\/script>\n<!-- \/ Yoast SEO plugin. -->","yoast_head_json":{"title":"Comin Cydweithredol &#8211; Gelligaer and Merthyr Common","robots":{"index":"index","follow":"follow","max-snippet":"max-snippet:-1","max-image-preview":"max-image-preview:large","max-video-preview":"max-video-preview:-1"},"canonical":"https:\/\/gmcommon.org\/cy\/comin-cydweithredol\/","og_locale":"cy_GB","og_type":"article","og_title":"Comin Cydweithredol &#8211; Gelligaer and Merthyr Common","og_description":"Comin CydweithredolRoedd Comin Cydweithredol (Common Connection) yn brosiect graddfa tirwedd dwy flynedd a oedd yn canolbwyntio ar dri maes gwaith allweddol: Mynd i'r afael \u00e2 throsedd tirwedd Ymgysylltu \u00e2'r Cyhoedd Adfer a Chreu Cynefinoedd Roedd ymgysylltu \u00e2'r gymuned ac ysgolion yn elfen allweddol o'r prosiect, gyda chyfleoedd i aelodau'r cyhoedd ac ysgolion lleol yn cael [&hellip;]","og_url":"https:\/\/gmcommon.org\/cy\/comin-cydweithredol\/","og_site_name":"Gelligaer and Merthyr Common","article_modified_time":"2024-10-15T07:38:59+00:00","og_image":[{"width":500,"height":250,"url":"https:\/\/gmcommon.org\/wp-content\/uploads\/2020\/04\/GMCommonComingSoon-Logo2.png","type":"image\/png"}],"twitter_card":"summary_large_image","twitter_misc":{"Est. reading time":"5 minutes"},"schema":{"@context":"https:\/\/schema.org","@graph":[{"@type":"WebPage","@id":"https:\/\/gmcommon.org\/cy\/comin-cydweithredol\/","url":"https:\/\/gmcommon.org\/cy\/comin-cydweithredol\/","name":"Comin Cydweithredol &#8211; Gelligaer and Merthyr Common","isPartOf":{"@id":"https:\/\/gmcommon.org\/cy\/#website"},"datePublished":"2024-10-15T07:34:47+00:00","dateModified":"2024-10-15T07:38:59+00:00","breadcrumb":{"@id":"https:\/\/gmcommon.org\/cy\/comin-cydweithredol\/#breadcrumb"},"inLanguage":"cy-GB","potentialAction":[{"@type":"ReadAction","target":["https:\/\/gmcommon.org\/cy\/comin-cydweithredol\/"]}]},{"@type":"BreadcrumbList","@id":"https:\/\/gmcommon.org\/cy\/comin-cydweithredol\/#breadcrumb","itemListElement":[{"@type":"ListItem","position":1,"name":"Home","item":"https:\/\/gmcommon.org\/cy\/"},{"@type":"ListItem","position":2,"name":"Comin Cydweithredol"}]},{"@type":"WebSite","@id":"https:\/\/gmcommon.org\/cy\/#website","url":"https:\/\/gmcommon.org\/cy\/","name":"Gelligaer and Merthyr Common","description":"","publisher":{"@id":"https:\/\/gmcommon.org\/cy\/#organization"},"potentialAction":[{"@type":"SearchAction","target":{"@type":"EntryPoint","urlTemplate":"https:\/\/gmcommon.org\/cy\/?s={search_term_string}"},"query-input":{"@type":"PropertyValueSpecification","valueRequired":true,"valueName":"search_term_string"}}],"inLanguage":"cy-GB"},{"@type":"Organization","@id":"https:\/\/gmcommon.org\/cy\/#organization","name":"Gelligaer and Merthyr Common","url":"https:\/\/gmcommon.org\/cy\/","logo":{"@type":"ImageObject","inLanguage":"cy-GB","@id":"https:\/\/gmcommon.org\/cy\/#\/schema\/logo\/image\/","url":"https:\/\/gmcommon.org\/wp-content\/uploads\/2020\/04\/GMCommonComingSoon-Logo2.png","contentUrl":"https:\/\/gmcommon.org\/wp-content\/uploads\/2020\/04\/GMCommonComingSoon-Logo2.png","width":500,"height":250,"caption":"Gelligaer and Merthyr Common"},"image":{"@id":"https:\/\/gmcommon.org\/cy\/#\/schema\/logo\/image\/"}}]}},"_links":{"self":[{"href":"https:\/\/gmcommon.org\/cy\/wp-json\/wp\/v2\/pages\/6648","targetHints":{"allow":["GET"]}}],"collection":[{"href":"https:\/\/gmcommon.org\/cy\/wp-json\/wp\/v2\/pages"}],"about":[{"href":"https:\/\/gmcommon.org\/cy\/wp-json\/wp\/v2\/types\/page"}],"author":[{"embeddable":true,"href":"https:\/\/gmcommon.org\/cy\/wp-json\/wp\/v2\/users\/1"}],"replies":[{"embeddable":true,"href":"https:\/\/gmcommon.org\/cy\/wp-json\/wp\/v2\/comments?post=6648"}],"version-history":[{"count":4,"href":"https:\/\/gmcommon.org\/cy\/wp-json\/wp\/v2\/pages\/6648\/revisions"}],"predecessor-version":[{"id":6654,"href":"https:\/\/gmcommon.org\/cy\/wp-json\/wp\/v2\/pages\/6648\/revisions\/6654"}],"wp:attachment":[{"href":"https:\/\/gmcommon.org\/cy\/wp-json\/wp\/v2\/media?parent=6648"}],"curies":[{"name":"wp","href":"https:\/\/api.w.org\/{rel}","templated":true}]}}